{"id":71,"date":"2022-09-26T19:01:52","date_gmt":"2022-09-26T23:01:52","guid":{"rendered":"https:\/\/virtualnetradio.com\/es\/?page_id=71"},"modified":"2023-12-12T17:22:12","modified_gmt":"2023-12-12T21:22:12","slug":"programacion","status":"publish","type":"page","link":"https:\/\/virtualnetradio.com\/es\/programacion\/","title":{"rendered":"Programaci\u00f3n"},"content":{"rendered":"<p style=\"text-align: center;\"><strong>Esta es nuestra Cuadr\u00edcula de Programaci\u00f3n<\/strong><\/p>\n<h3 style=\"text-align: center;\"><a href=\"https:\/\/virtualnetradio.com\/es\/wp-content\/uploads\/2023\/12\/Grade-de-Programacao.pdf\" target=\"_blank\" rel=\"noopener\">PROGRAMACI\u00d3N<\/a><\/h3>\n","protected":false},"excerpt":{"rendered":"<p>Esta es nuestra Cuadr\u00edcula de Programaci\u00f3n PROGRAMACI\u00d3N<\/p>\n","protected":false},"author":1,"featured_media":0,"parent":0,"menu_order":0,"comment_status":"closed","ping_status":"closed","template":"","meta":{"footnotes":""},"class_list":["post-71","page","type-page","status-publish","hentry"],"jetpack_sharing_enabled":true,"_links":{"self":[{"href":"https:\/\/virtualnetradio.com\/es\/wp-json\/wp\/v2\/pages\/71","targetHints":{"allow":["GET"]}}],"collection":[{"href":"https:\/\/virtualnetradio.com\/es\/wp-json\/wp\/v2\/pages"}],"about":[{"href":"https:\/\/virtualnetradio.com\/es\/wp-json\/wp\/v2\/types\/page"}],"author":[{"embeddable":true,"href":"https:\/\/virtualnetradio.com\/es\/wp-json\/wp\/v2\/users\/1"}],"replies":[{"embeddable":true,"href":"https:\/\/virtualnetradio.com\/es\/wp-json\/wp\/v2\/comments?post=71"}],"version-history":[{"count":5,"href":"https:\/\/virtualnetradio.com\/es\/wp-json\/wp\/v2\/pages\/71\/revisions"}],"predecessor-version":[{"id":98,"href":"https:\/\/virtualnetradio.com\/es\/wp-json\/wp\/v2\/pages\/71\/revisions\/98"}],"wp:attachment":[{"href":"https:\/\/virtualnetradio.com\/es\/wp-json\/wp\/v2\/media?parent=71"}],"curies":[{"name":"wp","href":"https:\/\/api.w.org\/{rel}","templated":true}]}}