{"id":6,"date":"2021-03-29T03:38:07","date_gmt":"2021-03-29T03:38:07","guid":{"rendered":"https:\/\/virtualnetradio.com\/es\/?page_id=6"},"modified":"2022-08-30T14:17:39","modified_gmt":"2022-08-30T18:17:39","slug":"inicio","status":"publish","type":"page","link":"https:\/\/virtualnetradio.com\/es\/","title":{"rendered":""},"content":{"rendered":"<h2 style=\"text-align: center;\"><span style=\"color: #ff0000;\">TRANSMISI\u00d3N EN PORTUGU\u00caS<\/span><\/h2>\n<p style=\"text-align: center;\">Es con inmensa alegr\u00eda que entramos en tu hogar a trav\u00e9s del ministerio de Virtual Net Radio.<br \/>\nNuestro deseo es que disfrutes de este veh\u00edculo de comunicaci\u00f3n para tu esparcimiento y para tu edificaci\u00f3n espiritual.<br \/>\nCreemos que Dios nos ha llamado a esta misi\u00f3n, y queremos ser fieles a este compromiso.<br \/>\n1 Pedro 2: 9 \u201c<em>Pero ustedes son una raza elegida, un sacerdocio real, una naci\u00f3n santa, un pueblo que es propiedad exclusiva de Dios, <\/em><em>para proclamar las virtudes de Aquel que los llam\u00f3 de las tinieblas a su luz maravillosa<\/em> \u201d.\u00a0Mateo 24:14 \u201c<em>Y este evangelio del reino ser\u00e1 predicado en todo el mundo, para testimonio a todas las naciones<\/em>\u201d.<\/p>\n<p style=\"text-align: center;\"><strong>\u00a1QUE DIOS BENDIGA RICAMENTE TU VIDA Y TU FAMILIA!<\/strong><br \/>\n<em><strong>Pr. Paul Rech &#8211; Director Virtual Net Radio<\/strong><\/em><\/p>\n","protected":false},"excerpt":{"rendered":"<p>TRANSMISI\u00d3N EN PORTUGU\u00caS Es con inmensa alegr\u00eda que entramos en tu hogar a trav\u00e9s del ministerio de Virtual Net Radio. Nuestro deseo es que disfrutes de este veh\u00edculo de comunicaci\u00f3n para tu esparcimiento y para tu edificaci\u00f3n espiritual. Creemos que Dios nos ha llamado a esta misi\u00f3n, y queremos ser fieles a este compromiso. 1 Pedro 2: 9 \u201cPero ustedes son una raza elegida, un sacerdocio real, una naci\u00f3n santa, un pueblo que es propiedad exclusiva de Dios, para proclamar las virtudes de Aquel que los llam\u00f3 de las tinieblas a su luz maravillosa \u201d.\u00a0Mateo 24:14 \u201cY este evangelio del reino ser\u00e1 predicado en todo el mundo, para testimonio a todas las naciones\u201d. \u00a1QUE DIOS BENDIGA RICAMENTE TU VIDA Y TU FAMILIA! Pr. Paul Rech &#8211; Director Virtual Net Radio<\/p>\n","protected":false},"author":1,"featured_media":0,"parent":0,"menu_order":0,"comment_status":"closed","ping_status":"closed","template":"","meta":{"footnotes":""},"class_list":["post-6","page","type-page","status-publish","hentry"],"jetpack_sharing_enabled":true,"_links":{"self":[{"href":"https:\/\/virtualnetradio.com\/es\/wp-json\/wp\/v2\/pages\/6","targetHints":{"allow":["GET"]}}],"collection":[{"href":"https:\/\/virtualnetradio.com\/es\/wp-json\/wp\/v2\/pages"}],"about":[{"href":"https:\/\/virtualnetradio.com\/es\/wp-json\/wp\/v2\/types\/page"}],"author":[{"embeddable":true,"href":"https:\/\/virtualnetradio.com\/es\/wp-json\/wp\/v2\/users\/1"}],"replies":[{"embeddable":true,"href":"https:\/\/virtualnetradio.com\/es\/wp-json\/wp\/v2\/comments?post=6"}],"version-history":[{"count":9,"href":"https:\/\/virtualnetradio.com\/es\/wp-json\/wp\/v2\/pages\/6\/revisions"}],"predecessor-version":[{"id":43,"href":"https:\/\/virtualnetradio.com\/es\/wp-json\/wp\/v2\/pages\/6\/revisions\/43"}],"wp:attachment":[{"href":"https:\/\/virtualnetradio.com\/es\/wp-json\/wp\/v2\/media?parent=6"}],"curies":[{"name":"wp","href":"https:\/\/api.w.org\/{rel}","templated":true}]}}