{"id":57,"date":"2022-09-26T18:49:05","date_gmt":"2022-09-26T22:49:05","guid":{"rendered":"https:\/\/virtualnetradio.com\/es\/?page_id=57"},"modified":"2022-09-26T18:59:44","modified_gmt":"2022-09-26T22:59:44","slug":"oyentes","status":"publish","type":"page","link":"https:\/\/virtualnetradio.com\/es\/oyentes\/","title":{"rendered":"Oyentes"},"content":{"rendered":"<p><strong>Hola querido oyente;<\/strong><\/p>\n<p>\u00a1Esta es tu p\u00e1gina de comunicaci\u00f3n con nosotros!<br \/>\nPara que podamos tener un programa que edifique y sea del agrado de nuestra audiencia, queremos conocer su opini\u00f3n, sugerencias e incluso sus ideas.<br \/>\n\u00a1Env\u00edanos tu petici\u00f3n de oraci\u00f3n y estaremos orando por ti!<br \/>\nUtilice el siguiente formulario para enviar su petici\u00f3n de oraci\u00f3n.<\/p>\n<p>\u00a1Que Dios bendiga su vida, su familia y sus actividades!<\/p>\n<p>Pr. Paul Rech<\/p>\n\r\n        \r\n\r\n                <form class=\"wpuf-form-add weforms-66  wpuf-style\" action=\"\" method=\"post\"   id=\"\">\r\n\r\n            <ul class=\"wpuf-form form-label-above\">\r\n\r\n                        <li class=\"wpuf-el nombre_completo_ field-size-large\" data-label=\"Nombre Completo:\">\r\n                    <div class=\"wpuf-label\">\r\n            <label for=\"nombre_completo__66\">Nombre Completo: <span class=\"required\">*<\/span><\/label>\r\n        <\/div>\r\n        \r\n            <div class=\"wpuf-fields\">\r\n                <input\r\n                    class=\"textfield wpuf_nombre_completo__66\"\r\n                    id=\"nombre_completo__66\"\r\n                    type=\"text\"\r\n                    data-duplicate=\"no\"\r\n                    data-required=\"yes\"\r\n                    data-type=\"text\" name=\"nombre_completo_\"\r\n                    placeholder=\"\"\r\n                    value=\"\"\r\n                    size=\"40\"\r\n                    data-style=\"wpuf-style\"\r\n                \/>\r\n\r\n                <span class=\"wpuf-wordlimit-message wpuf-help\"><\/span>\r\n                            <\/div>\r\n                    <\/li>\r\n                <li class=\"wpuf-el correo_electr_nico_ field-size-large\" data-label=\"Correo Electr\u00f3nico:\">\r\n                    <div class=\"wpuf-label\">\r\n            <label for=\"correo_electr_nico__66\">Correo Electr\u00f3nico: <span class=\"required\">*<\/span><\/label>\r\n        <\/div>\r\n        \r\n            <div class=\"wpuf-fields\">\r\n                <input\r\n                    id=\"correo_electr_nico__66\"\r\n                    type=\"email\"\r\n                    class=\"email  wpuf_correo_electr_nico__66\"\r\n                    data-duplicate=\"\"\r\n                    data-required=\"yes\"\r\n                    data-type=\"email\"\r\n                    data-style=\"wpuf-style\"\r\n                    name=\"correo_electr_nico_\"\r\n                    placeholder=\"\"\r\n                    value=\"\"\r\n                    size=\"40\"\r\n                    autocomplete=\"email\"\r\n                \/>\r\n                            <\/div>\r\n        <\/li>\r\n                <li class=\"wpuf-el petici_n_de_oraci_n_ field-size-large\" data-label=\"Petici\u00f3n de Oraci\u00f3n:\">\r\n                    <div class=\"wpuf-label\">\r\n            <label for=\"petici_n_de_oraci_n__66\">Petici\u00f3n de Oraci\u00f3n: <span class=\"required\">*<\/span><\/label>\r\n        <\/div>\r\n                                    <div class=\"wpuf-fields\">\r\n            \r\n                                    <textarea\r\n                        class=\"textareafield  wpuf_petici_n_de_oraci_n__66\"\r\n                        id=\"petici_n_de_oraci_n__66\"\r\n                        name=\"petici_n_de_oraci_n_\"\r\n                        data-required=\"yes\"\r\n                        data-type=\"textarea\"\r\n                        placeholder=\"\"\r\n                        rows=\"5\"\r\n                        cols=\"25\"\r\n                        data-style=\"wpuf-style\"\r\n                    ><\/textarea>\r\n                    <span class=\"wpuf-wordlimit-message wpuf-help\"><\/span>\r\n\r\n                \r\n                        <\/div><\/li>\r\n                <li class=\"wpuf-submit\">\r\n            <div class=\"wpuf-label\">\r\n                &nbsp;\r\n            <\/div>\r\n\r\n            <input type=\"hidden\" id=\"_wpnonce\" name=\"_wpnonce\" value=\"76f9cfd048\" \/><input type=\"hidden\" name=\"_wp_http_referer\" value=\"\/es\/wp-json\/wp\/v2\/pages\/57\" \/>\r\n            <input type=\"hidden\" name=\"form_id\" value=\"66\">\r\n            <input type=\"hidden\" name=\"page_id\" value=\"57\">\r\n            <input type=\"hidden\" name=\"action\" value=\"weforms_frontend_submit\">\r\n\r\n                            <input type=\"hidden\" name=\"weforms-front-report\" value=\"no\">\r\n            \r\n            \r\n                            <input type=\"submit\" class=\"weforms_submit_btn wpuf_submit_66\" name=\"submit\" value=\"Submit\" \/>\r\n                    <\/li>\r\n                <\/ul>\r\n\r\n        <\/form>\r\n                \n","protected":false},"excerpt":{"rendered":"<p>Hola querido oyente; \u00a1Esta es tu p\u00e1gina de comunicaci\u00f3n con nosotros! Para que podamos tener un programa que edifique y sea del agrado de nuestra audiencia, queremos conocer su opini\u00f3n, sugerencias e incluso sus ideas. \u00a1Env\u00edanos tu petici\u00f3n de oraci\u00f3n y estaremos orando por ti! Utilice el siguiente formulario para enviar su petici\u00f3n de oraci\u00f3n. \u00a1Que Dios bendiga su vida, su familia y sus actividades! Pr. Paul Rech<\/p>\n","protected":false},"author":1,"featured_media":0,"parent":0,"menu_order":0,"comment_status":"closed","ping_status":"closed","template":"","meta":{"footnotes":""},"class_list":["post-57","page","type-page","status-publish","hentry"],"jetpack_sharing_enabled":true,"_links":{"self":[{"href":"https:\/\/virtualnetradio.com\/es\/wp-json\/wp\/v2\/pages\/57","targetHints":{"allow":["GET"]}}],"collection":[{"href":"https:\/\/virtualnetradio.com\/es\/wp-json\/wp\/v2\/pages"}],"about":[{"href":"https:\/\/virtualnetradio.com\/es\/wp-json\/wp\/v2\/types\/page"}],"author":[{"embeddable":true,"href":"https:\/\/virtualnetradio.com\/es\/wp-json\/wp\/v2\/users\/1"}],"replies":[{"embeddable":true,"href":"https:\/\/virtualnetradio.com\/es\/wp-json\/wp\/v2\/comments?post=57"}],"version-history":[{"count":5,"href":"https:\/\/virtualnetradio.com\/es\/wp-json\/wp\/v2\/pages\/57\/revisions"}],"predecessor-version":[{"id":70,"href":"https:\/\/virtualnetradio.com\/es\/wp-json\/wp\/v2\/pages\/57\/revisions\/70"}],"wp:attachment":[{"href":"https:\/\/virtualnetradio.com\/es\/wp-json\/wp\/v2\/media?parent=57"}],"curies":[{"name":"wp","href":"https:\/\/api.w.org\/{rel}","templated":true}]}}