{"id":17,"date":"2021-03-29T03:57:45","date_gmt":"2021-03-29T03:57:45","guid":{"rendered":"https:\/\/virtualnetradio.com\/es\/?page_id=17"},"modified":"2025-04-25T21:16:35","modified_gmt":"2025-04-26T01:16:35","slug":"acerca","status":"publish","type":"page","link":"https:\/\/virtualnetradio.com\/es\/acerca\/","title":{"rendered":"Acerca"},"content":{"rendered":"<h2 id=\"c1153\" class=\"oBOnKe\" style=\"text-align: center;\"><span class=\"JLqJ4b ChMk0b\" style=\"font-size: 16px; font-weight: 400;\" data-language-for-alternatives=\"es\" data-language-to-translate-into=\"pt\" data-phrase-index=\"0\">En 2002, cuando hab\u00eda pocas Web-Radios, apareci\u00f3 Virtual Net Radio con el lema \u201cUna nueva opci\u00f3n para el pueblo de Dios\u201d.<\/span> <span class=\"JLqJ4b ChMk0b\" style=\"font-size: 16px; font-weight: 400;\" data-language-for-alternatives=\"es\" data-language-to-translate-into=\"pt\" data-phrase-index=\"2\">Con varios a\u00f1os de experiencia ministerial y locutor de radio, el pastor Paul Rech, en ese momento responsable por lo ministerio en portugu\u00e9s de la Iglesia Presbiteriana Knox en Kearny, Nueva Jersey, cre\u00eda que este ser\u00eda un medio de ayudar a las iglesias junto con el Ministerio Vida Nueva, inici\u00f3 Virtual Net Radio con una programacion de 24 horas.<\/span> <span class=\"JLqJ4b ChMk0b\" style=\"font-size: 16px; font-weight: 400;\" data-language-for-alternatives=\"es\" data-language-to-translate-into=\"pt\" data-phrase-index=\"4\">Virtual Net Radio ofrece la opci\u00f3n Live Online con mensajes cada hora y tambi\u00e9n la versi\u00f3n Interactiva, donde el oyente puede elegir entre ocho estilos de m\u00fasica diferentes al que quiere escuchar.<\/span> <span class=\"JLqJ4b ChMk0b\" style=\"font-size: 16px; font-weight: 400;\" data-language-for-alternatives=\"es\" data-language-to-translate-into=\"pt\" data-phrase-index=\"6\">\u00a1Agradecemos a Dios por bendecirnos con este ministerio y tambi\u00e9n agradecemos a nuestros oyentes y usuarios de Internet que nos honran todos estos a\u00f1os!<\/span> <span class=\"JLqJ4b ChMk0b\" style=\"font-size: 16px; font-weight: 400;\" data-language-for-alternatives=\"es\" data-language-to-translate-into=\"pt\" data-phrase-index=\"8\">Hoy, 19 a\u00f1os despu\u00e9s, podemos afirmar las palabras de 1 Samuel 7:12 \u00ab&#8230; \u00a1El Se\u00f1or nos ha ayudado hasta ahora!\u00bb<\/span><\/h2>\n<p><img loading=\"lazy\" decoding=\"async\" class=\"wp-image-22 aligncenter\" src=\"https:\/\/virtualnetradio.com\/es\/wp-content\/uploads\/2021\/03\/PaulRech_VNR-300x225-1.jpg\" alt=\"\" width=\"400\" height=\"300\" \/><\/p>\n<p style=\"text-align: center;\"><strong>Foto 2002\u00a0\u00a0<\/strong><\/p>\n<p style=\"text-align: center;\"><img loading=\"lazy\" decoding=\"async\" class=\"wp-image-21 aligncenter\" src=\"https:\/\/virtualnetradio.com\/es\/wp-content\/uploads\/2021\/03\/Paul_Rech_VNR1-300x203-1.jpg\" alt=\"\" width=\"400\" height=\"271\" \/><br \/>\n<strong>Foto 2016<\/strong><\/p>\n<p style=\"text-align: center;\"><img loading=\"lazy\" decoding=\"async\" class=\"aligncenter wp-image-90\" src=\"https:\/\/virtualnetradio.com\/es\/wp-content\/uploads\/2023\/06\/Paul-Rech-2022.jpg\" alt=\"\" width=\"400\" height=\"535\" srcset=\"https:\/\/virtualnetradio.com\/es\/wp-content\/uploads\/2023\/06\/Paul-Rech-2022.jpg 694w, https:\/\/virtualnetradio.com\/es\/wp-content\/uploads\/2023\/06\/Paul-Rech-2022-224x300.jpg 224w\" sizes=\"auto, (max-width: 400px) 100vw, 400px\" \/><\/p>\n<p style=\"text-align: center;\"><strong>Foto 2020<\/strong><\/p>\n<p style=\"text-align: center;\"><img loading=\"lazy\" decoding=\"async\" class=\"aligncenter wp-image-91\" src=\"https:\/\/virtualnetradio.com\/es\/wp-content\/uploads\/2023\/06\/Paul-Rech-2023.jpg\" alt=\"\" width=\"400\" height=\"480\" srcset=\"https:\/\/virtualnetradio.com\/es\/wp-content\/uploads\/2023\/06\/Paul-Rech-2023.jpg 734w, https:\/\/virtualnetradio.com\/es\/wp-content\/uploads\/2023\/06\/Paul-Rech-2023-250x300.jpg 250w\" sizes=\"auto, (max-width: 400px) 100vw, 400px\" \/><\/p>\n<p style=\"text-align: center;\"><strong>Foto 2023<\/strong><\/p>\n<p style=\"text-align: center;\">Nuestra historia todav\u00eda se est\u00e1 escribiendo a trav\u00e9s de Virtual Net Radio y nuestros ministerios como el <span style=\"color: #0000ff;\"><strong><a style=\"color: #0000ff;\" href=\"https:\/\/ministeriovidanova.org\" target=\"_blank\" rel=\"noopener\">Ministerio Vida Nueva<\/a><\/strong><\/span>, y desde 2013, la <span style=\"color: #0000ff;\"><strong><a style=\"color: #0000ff;\" href=\"https:\/\/www.facebook.com\/interchapassoc\" target=\"_blank\" rel=\"noopener\">International Chaplains Association<\/a><\/strong><\/span> &#8211; <span style=\"color: #0000ff;\"><strong><a style=\"color: #0000ff;\" href=\"https:\/\/interchap.org\/es\" target=\"_blank\" rel=\"noopener\">INTERCHAP GLOBAL<\/a><\/strong><\/span>, \u00a1operando hoy en 14 pa\u00edses!<br \/>\nY nuestros sitios web privados: <span style=\"color: #0000ff;\"><strong><a style=\"color: #0000ff;\" href=\"https:\/\/prpaulrech.com\" target=\"_blank\" rel=\"noopener\">Pr Paul Rech<\/a><\/strong><\/span> y <span style=\"color: #0000ff;\"><strong><a style=\"color: #0000ff;\" href=\"https:\/\/paulrechcoaching.com\" target=\"_blank\" rel=\"noopener\">Paul Rech Coaching<\/a><\/strong><\/span><\/p>\n","protected":false},"excerpt":{"rendered":"<p>En 2002, cuando hab\u00eda pocas Web-Radios, apareci\u00f3 Virtual Net Radio con el lema \u201cUna nueva opci\u00f3n para el pueblo de Dios\u201d. Con varios a\u00f1os de experiencia ministerial y locutor de radio, el pastor Paul Rech, en ese momento responsable por lo ministerio en portugu\u00e9s de la Iglesia Presbiteriana Knox en Kearny, Nueva Jersey, cre\u00eda que este ser\u00eda un medio de ayudar a las iglesias junto con el Ministerio Vida Nueva, inici\u00f3 Virtual Net Radio con una programacion de 24 horas. Virtual Net Radio ofrece la opci\u00f3n Live Online con mensajes cada hora y tambi\u00e9n la versi\u00f3n Interactiva, donde el oyente puede elegir entre ocho estilos de m\u00fasica diferentes al que quiere escuchar. \u00a1Agradecemos a Dios por bendecirnos con este ministerio y tambi\u00e9n agradecemos a nuestros oyentes y usuarios de Internet que nos honran todos estos a\u00f1os! Hoy, 19 a\u00f1os despu\u00e9s, podemos afirmar las palabras de 1 Samuel 7:12 \u00ab&#8230; \u00a1El Se\u00f1or nos ha ayudado hasta ahora!\u00bb Foto 2002\u00a0\u00a0 Foto 2016 Foto 2020 Foto 2023 Nuestra historia todav\u00eda se est\u00e1 escribiendo a trav\u00e9s de Virtual Net Radio y nuestros ministerios como el Ministerio Vida Nueva, y desde 2013, la International Chaplains Association &#8211; INTERCHAP GLOBAL, \u00a1operando hoy en 14 pa\u00edses! Y nuestros sitios web privados: Pr Paul Rech y Paul Rech Coaching<\/p>\n","protected":false},"author":1,"featured_media":0,"parent":0,"menu_order":0,"comment_status":"closed","ping_status":"closed","template":"","meta":{"footnotes":""},"class_list":["post-17","page","type-page","status-publish","hentry"],"jetpack_sharing_enabled":true,"_links":{"self":[{"href":"https:\/\/virtualnetradio.com\/es\/wp-json\/wp\/v2\/pages\/17","targetHints":{"allow":["GET"]}}],"collection":[{"href":"https:\/\/virtualnetradio.com\/es\/wp-json\/wp\/v2\/pages"}],"about":[{"href":"https:\/\/virtualnetradio.com\/es\/wp-json\/wp\/v2\/types\/page"}],"author":[{"embeddable":true,"href":"https:\/\/virtualnetradio.com\/es\/wp-json\/wp\/v2\/users\/1"}],"replies":[{"embeddable":true,"href":"https:\/\/virtualnetradio.com\/es\/wp-json\/wp\/v2\/comments?post=17"}],"version-history":[{"count":14,"href":"https:\/\/virtualnetradio.com\/es\/wp-json\/wp\/v2\/pages\/17\/revisions"}],"predecessor-version":[{"id":122,"href":"https:\/\/virtualnetradio.com\/es\/wp-json\/wp\/v2\/pages\/17\/revisions\/122"}],"wp:attachment":[{"href":"https:\/\/virtualnetradio.com\/es\/wp-json\/wp\/v2\/media?parent=17"}],"curies":[{"name":"wp","href":"https:\/\/api.w.org\/{rel}","templated":true}]}}